{"id":10,"date":"2016-03-01T07:10:22","date_gmt":"2016-03-01T06:10:22","guid":{"rendered":"http:\/\/intensivpflege-wittstock.de\/wp\/?page_id=10"},"modified":"2016-03-01T09:18:17","modified_gmt":"2016-03-01T08:18:17","slug":"was-ist-intensivpflege","status":"publish","type":"page","link":"http:\/\/intensivpflege-wittstock.de\/index.php\/intensivpflege\/was-ist-intensivpflege\/","title":{"rendered":"Was ist Intensivpflege?"},"content":{"rendered":"<p>Definition: Intensivpflege ist die komplette Gesundheitspflege und die Versorgung, \u00a0die bei verschiedenen \u00a0akuten und lebensbedrohlichen \u00a0Erkrankungen \u00a0konstant \u00a0gew\u00e4hrleistet \u00a0werden \u00a0muss, z.B. bei multiplen \u00a0Traumata, unter den Aspekten der Sicherstellung der Vitalparameter, klinikorientierter aufwendiger Pflege und Betreuung, sowie technisch gepr\u00e4gter Therapieverfahren.<\/p>\n<h3>Wer ben\u00f6tigt eine Intensivpflege?<\/h3>\n<p>Indikatoren f\u00fcr eine Intensivpflege k\u00f6nnen sein:<\/p>\n<ul>\n<li>Schlaganfall<\/li>\n<li>Koma, Wachkoma<\/li>\n<li>apallisches Syndrom<\/li>\n<li>hohe Querschnittsl\u00e4hmung<\/li>\n<li>Hirnblutung (ICB)<\/li>\n<li>amyotrophe Lateralsklerose (ALS)<\/li>\n<li>spinale Muskelatrophie<\/li>\n<li>Guillain-Barr\u00e9-Syndrom<\/li>\n<li>chronisch obstruktive Lungenerkrankung (COPD)<\/li>\n<li>Acute Respiratory Distress Syndrome (ARDS)<\/li>\n<\/ul>\n<p>und vieles mehr.<\/p>\n<h3>Wer \u00fcbernimmt die Kosten der Versorgung?<\/h3>\n<p>In der Regel \u00fcbernimmt Ihre Krankenkasse\/ Pflegekasse die Kosten der Versorgung und Betreuung.<br \/>\nDie Miete in den Wohngemeinschaften muss der Klient selbst tragen. Sie k\u00f6nnen aber bei Ihrer Krankenkasse einen Wohngeldzuschuss beantragen.<\/p>\n<h3>Welche Pflegestufe wird vorausgesetzt?<\/h3>\n<h3><\/h3>\n<p>Die Pflegestufe spielt eine untergeordnete Rolle. In der Regel wird bei Aufnahme in die Wohngemeinschaft, bzw. mit Beginn der Pflege und Betreung, eine entsprechende Pflegestufe durch unser Fachpersonal, beantragt, wenn der Klient noch nicht \u00fcber eine entsprechende Pflegestufe verf\u00fcgt.<\/p>\n<p>Nat\u00fcrlich wird unser jeweiliges Tun und Handeln mit Ihnen abgesprochen und beraten.<\/p>\n<h3>Welche Qualifikationen hat das Pflegepersonal?<\/h3>\n<p>Unsere Mitarbeiter sind alle examinierte Fachkr\u00e4fte mit einer dreij\u00e4hrigen Ausbildung und Erfahrungen im Intensivpflegebereich.<\/p>\n<p>z.B. Gesundheits- und Krankenpfleger\/in, Altenpfleger\/in sowie examinierte Intensivpflegefachkr\u00e4fte.<\/p>\n<div class=\"ctsc-focus ctsc-focus- ipw-contact-box\" style=\"\">Sie haben weitere Fragen zur medizinischen Intensivpflege durch unser Team?<\/p>\n<p><a class=\"ctsc-button ctsc-button- ctsc-button-  ipw-btn ctsc-button-has-icon\" href=\"http:\/\/intensivpflege-wittstock.de\/index.php\/kontakt\/\" style=\" background:gray; color:white;\"><span class=\"ctsc-button-content\"><span class=\"ctsc-button-icon icon-phone\"><\/span> <span class=\"ctsc-button-text\">Sprechen Sie uns an<\/span><\/span><\/a><\/div>\n","protected":false},"excerpt":{"rendered":"<p>Definition: Intensivpflege ist die komplette Gesundheitspflege und die Versorgung, \u00a0die bei verschiedenen \u00a0akuten und lebensbedrohlichen \u00a0Erkrankungen \u00a0konstant \u00a0gew\u00e4hrleistet \u00a0werden \u00a0muss, z.B. bei multiplen \u00a0Traumata, unter den Aspekten der Sicherstellung der Vitalparameter, klinikorientierter aufwendiger Pflege und Betreuung, sowie technisch gepr\u00e4gter Therapieverfahren. Wer ben\u00f6tigt eine Intensivpflege? Indikatoren f\u00fcr eine Intensivpflege k\u00f6nnen sein: Schlaganfall Koma, Wachkoma apallisches Syndrom hohe Querschnittsl\u00e4hmung Hirnblutung (ICB) amyotrophe Lateralsklerose (ALS) spinale Muskelatrophie Guillain-Barr\u00e9-Syndrom chronisch obstruktive Lungenerkrankung (COPD) Acute Respiratory Distress Syndrome (ARDS) und vieles mehr. Wer \u00fcbernimmt die&hellip;<\/p>\n","protected":false},"author":1,"featured_media":0,"parent":8,"menu_order":0,"comment_status":"closed","ping_status":"closed","template":"","meta":[],"yoast_head":"<!-- This site is optimized with the Yoast SEO plugin v17.1 - https:\/\/yoast.com\/wordpress\/plugins\/seo\/ -->\n<title>Was ist Intensivpflege? - ipw Intensivpflege Wittstock GmbH<\/title>\n<meta name=\"robots\" content=\"index, follow, max-snippet:-1, max-image-preview:large, max-video-preview:-1\" \/>\n<link rel=\"canonical\" href=\"http:\/\/intensivpflege-wittstock.de\/index.php\/intensivpflege\/was-ist-intensivpflege\/\" \/>\n<meta property=\"og:locale\" content=\"de_DE\" \/>\n<meta property=\"og:type\" content=\"article\" \/>\n<meta property=\"og:title\" content=\"Was ist Intensivpflege? - ipw Intensivpflege Wittstock GmbH\" \/>\n<meta property=\"og:description\" content=\"Definition: Intensivpflege ist die komplette Gesundheitspflege und die Versorgung, \u00a0die bei verschiedenen \u00a0akuten und lebensbedrohlichen \u00a0Erkrankungen \u00a0konstant \u00a0gew\u00e4hrleistet \u00a0werden \u00a0muss, z.B. bei multiplen \u00a0Traumata, unter den Aspekten der Sicherstellung der Vitalparameter, klinikorientierter aufwendiger Pflege und Betreuung, sowie technisch gepr\u00e4gter Therapieverfahren. Wer ben\u00f6tigt eine Intensivpflege? Indikatoren f\u00fcr eine Intensivpflege k\u00f6nnen sein: Schlaganfall Koma, Wachkoma apallisches Syndrom hohe Querschnittsl\u00e4hmung Hirnblutung (ICB) amyotrophe Lateralsklerose (ALS) spinale Muskelatrophie Guillain-Barr\u00e9-Syndrom chronisch obstruktive Lungenerkrankung (COPD) Acute Respiratory Distress Syndrome (ARDS) und vieles mehr. Wer \u00fcbernimmt die&hellip;\" \/>\n<meta property=\"og:url\" content=\"http:\/\/intensivpflege-wittstock.de\/index.php\/intensivpflege\/was-ist-intensivpflege\/\" \/>\n<meta property=\"og:site_name\" content=\"ipw Intensivpflege Wittstock GmbH\" \/>\n<meta property=\"article:modified_time\" content=\"2016-03-01T08:18:17+00:00\" \/>\n<meta name=\"twitter:card\" content=\"summary\" \/>\n<meta name=\"twitter:label1\" content=\"Gesch\u00e4tzte Lesezeit\" \/>\n\t<meta name=\"twitter:data1\" content=\"1\u00a0Minute\" \/>\n<script type=\"application\/ld+json\" class=\"yoast-schema-graph\">{\"@context\":\"https:\/\/schema.org\",\"@graph\":[{\"@type\":\"WebSite\",\"@id\":\"http:\/\/intensivpflege-wittstock.de\/#website\",\"url\":\"http:\/\/intensivpflege-wittstock.de\/\",\"name\":\"ipw Intensivpflege Wittstock GmbH\",\"description\":\"Ihr Fachpflegeteam f\\u00fcr 24 Stunden.\",\"potentialAction\":[{\"@type\":\"SearchAction\",\"target\":{\"@type\":\"EntryPoint\",\"urlTemplate\":\"http:\/\/intensivpflege-wittstock.de\/?s={search_term_string}\"},\"query-input\":\"required name=search_term_string\"}],\"inLanguage\":\"de\"},{\"@type\":\"WebPage\",\"@id\":\"http:\/\/intensivpflege-wittstock.de\/index.php\/intensivpflege\/was-ist-intensivpflege\/#webpage\",\"url\":\"http:\/\/intensivpflege-wittstock.de\/index.php\/intensivpflege\/was-ist-intensivpflege\/\",\"name\":\"Was ist Intensivpflege? - ipw Intensivpflege Wittstock GmbH\",\"isPartOf\":{\"@id\":\"http:\/\/intensivpflege-wittstock.de\/#website\"},\"datePublished\":\"2016-03-01T06:10:22+00:00\",\"dateModified\":\"2016-03-01T08:18:17+00:00\",\"breadcrumb\":{\"@id\":\"http:\/\/intensivpflege-wittstock.de\/index.php\/intensivpflege\/was-ist-intensivpflege\/#breadcrumb\"},\"inLanguage\":\"de\",\"potentialAction\":[{\"@type\":\"ReadAction\",\"target\":[\"http:\/\/intensivpflege-wittstock.de\/index.php\/intensivpflege\/was-ist-intensivpflege\/\"]}]},{\"@type\":\"BreadcrumbList\",\"@id\":\"http:\/\/intensivpflege-wittstock.de\/index.php\/intensivpflege\/was-ist-intensivpflege\/#breadcrumb\",\"itemListElement\":[{\"@type\":\"ListItem\",\"position\":1,\"name\":\"Home\",\"item\":\"http:\/\/intensivpflege-wittstock.de\/\"},{\"@type\":\"ListItem\",\"position\":2,\"name\":\"Intensivpflege\",\"item\":\"http:\/\/intensivpflege-wittstock.de\/index.php\/intensivpflege\/\"},{\"@type\":\"ListItem\",\"position\":3,\"name\":\"Was ist Intensivpflege?\"}]}]}<\/script>\n<!-- \/ Yoast SEO plugin. -->","yoast_head_json":{"title":"Was ist Intensivpflege? - ipw Intensivpflege Wittstock GmbH","robots":{"index":"index","follow":"follow","max-snippet":"max-snippet:-1","max-image-preview":"max-image-preview:large","max-video-preview":"max-video-preview:-1"},"canonical":"http:\/\/intensivpflege-wittstock.de\/index.php\/intensivpflege\/was-ist-intensivpflege\/","og_locale":"de_DE","og_type":"article","og_title":"Was ist Intensivpflege? - ipw Intensivpflege Wittstock GmbH","og_description":"Definition: Intensivpflege ist die komplette Gesundheitspflege und die Versorgung, \u00a0die bei verschiedenen \u00a0akuten und lebensbedrohlichen \u00a0Erkrankungen \u00a0konstant \u00a0gew\u00e4hrleistet \u00a0werden \u00a0muss, z.B. bei multiplen \u00a0Traumata, unter den Aspekten der Sicherstellung der Vitalparameter, klinikorientierter aufwendiger Pflege und Betreuung, sowie technisch gepr\u00e4gter Therapieverfahren. Wer ben\u00f6tigt eine Intensivpflege? Indikatoren f\u00fcr eine Intensivpflege k\u00f6nnen sein: Schlaganfall Koma, Wachkoma apallisches Syndrom hohe Querschnittsl\u00e4hmung Hirnblutung (ICB) amyotrophe Lateralsklerose (ALS) spinale Muskelatrophie Guillain-Barr\u00e9-Syndrom chronisch obstruktive Lungenerkrankung (COPD) Acute Respiratory Distress Syndrome (ARDS) und vieles mehr. Wer \u00fcbernimmt die&hellip;","og_url":"http:\/\/intensivpflege-wittstock.de\/index.php\/intensivpflege\/was-ist-intensivpflege\/","og_site_name":"ipw Intensivpflege Wittstock GmbH","article_modified_time":"2016-03-01T08:18:17+00:00","twitter_card":"summary","twitter_misc":{"Gesch\u00e4tzte Lesezeit":"1\u00a0Minute"},"schema":{"@context":"https:\/\/schema.org","@graph":[{"@type":"WebSite","@id":"http:\/\/intensivpflege-wittstock.de\/#website","url":"http:\/\/intensivpflege-wittstock.de\/","name":"ipw Intensivpflege Wittstock GmbH","description":"Ihr Fachpflegeteam f\u00fcr 24 Stunden.","potentialAction":[{"@type":"SearchAction","target":{"@type":"EntryPoint","urlTemplate":"http:\/\/intensivpflege-wittstock.de\/?s={search_term_string}"},"query-input":"required name=search_term_string"}],"inLanguage":"de"},{"@type":"WebPage","@id":"http:\/\/intensivpflege-wittstock.de\/index.php\/intensivpflege\/was-ist-intensivpflege\/#webpage","url":"http:\/\/intensivpflege-wittstock.de\/index.php\/intensivpflege\/was-ist-intensivpflege\/","name":"Was ist Intensivpflege? - ipw Intensivpflege Wittstock GmbH","isPartOf":{"@id":"http:\/\/intensivpflege-wittstock.de\/#website"},"datePublished":"2016-03-01T06:10:22+00:00","dateModified":"2016-03-01T08:18:17+00:00","breadcrumb":{"@id":"http:\/\/intensivpflege-wittstock.de\/index.php\/intensivpflege\/was-ist-intensivpflege\/#breadcrumb"},"inLanguage":"de","potentialAction":[{"@type":"ReadAction","target":["http:\/\/intensivpflege-wittstock.de\/index.php\/intensivpflege\/was-ist-intensivpflege\/"]}]},{"@type":"BreadcrumbList","@id":"http:\/\/intensivpflege-wittstock.de\/index.php\/intensivpflege\/was-ist-intensivpflege\/#breadcrumb","itemListElement":[{"@type":"ListItem","position":1,"name":"Home","item":"http:\/\/intensivpflege-wittstock.de\/"},{"@type":"ListItem","position":2,"name":"Intensivpflege","item":"http:\/\/intensivpflege-wittstock.de\/index.php\/intensivpflege\/"},{"@type":"ListItem","position":3,"name":"Was ist Intensivpflege?"}]}]}},"_links":{"self":[{"href":"http:\/\/intensivpflege-wittstock.de\/index.php\/wp-json\/wp\/v2\/pages\/10"}],"collection":[{"href":"http:\/\/intensivpflege-wittstock.de\/index.php\/wp-json\/wp\/v2\/pages"}],"about":[{"href":"http:\/\/intensivpflege-wittstock.de\/index.php\/wp-json\/wp\/v2\/types\/page"}],"author":[{"embeddable":true,"href":"http:\/\/intensivpflege-wittstock.de\/index.php\/wp-json\/wp\/v2\/users\/1"}],"replies":[{"embeddable":true,"href":"http:\/\/intensivpflege-wittstock.de\/index.php\/wp-json\/wp\/v2\/comments?post=10"}],"version-history":[{"count":3,"href":"http:\/\/intensivpflege-wittstock.de\/index.php\/wp-json\/wp\/v2\/pages\/10\/revisions"}],"predecessor-version":[{"id":45,"href":"http:\/\/intensivpflege-wittstock.de\/index.php\/wp-json\/wp\/v2\/pages\/10\/revisions\/45"}],"up":[{"embeddable":true,"href":"http:\/\/intensivpflege-wittstock.de\/index.php\/wp-json\/wp\/v2\/pages\/8"}],"wp:attachment":[{"href":"http:\/\/intensivpflege-wittstock.de\/index.php\/wp-json\/wp\/v2\/media?parent=10"}],"curies":[{"name":"wp","href":"https:\/\/api.w.org\/{rel}","templated":true}]}}