{"id":12,"date":"2016-03-01T07:14:15","date_gmt":"2016-03-01T06:14:15","guid":{"rendered":"http:\/\/intensivpflege-wittstock.de\/wp\/?page_id=12"},"modified":"2017-03-31T13:14:25","modified_gmt":"2017-03-31T11:14:25","slug":"wohngemeinschaft","status":"publish","type":"page","link":"http:\/\/intensivpflege-wittstock.de\/index.php\/intensivpflege\/wohngemeinschaft\/","title":{"rendered":"Wohngemeinschaft"},"content":{"rendered":"<p>Sie suchen nach einer Alternative zur Versorgung in der eigenen H\u00e4uslichkeit f\u00fcr Ihre Angeh\u00f6rigen und m\u00f6chten sie nicht in einem Pflegeheim unterbringen?<\/p>\n<p>Bei uns haben Ihre Angeh\u00f6rigen die M\u00f6glichkeit in einer Wohngemeinschaft rund um die Uhr versorgt zu werden. In unserer Wohngemeinschaft finden mehrere Intensivpflegebed\u00fcrftige ein neues Zuhause.<\/p>\n<p><img decoding=\"async\" loading=\"lazy\" class=\"size-medium wp-image-86 alignnone\" src=\"http:\/\/intensivpflege-wittstock.de\/wp\/wp-content\/uploads\/2016\/03\/ipw-wohngemeinschaft1-300x200.jpg\" alt=\"\" width=\"300\" height=\"200\" srcset=\"http:\/\/intensivpflege-wittstock.de\/wp\/wp-content\/uploads\/2016\/03\/ipw-wohngemeinschaft1-300x200.jpg 300w, http:\/\/intensivpflege-wittstock.de\/wp\/wp-content\/uploads\/2016\/03\/ipw-wohngemeinschaft1-768x513.jpg 768w, http:\/\/intensivpflege-wittstock.de\/wp\/wp-content\/uploads\/2016\/03\/ipw-wohngemeinschaft1-1024x684.jpg 1024w, http:\/\/intensivpflege-wittstock.de\/wp\/wp-content\/uploads\/2016\/03\/ipw-wohngemeinschaft1.jpg 1400w\" sizes=\"(max-width: 300px) 100vw, 300px\" \/> <img decoding=\"async\" loading=\"lazy\" class=\"size-medium wp-image-87 alignnone\" src=\"http:\/\/intensivpflege-wittstock.de\/wp\/wp-content\/uploads\/2016\/03\/ipw-wohngemeinschaft2-300x200.jpg\" alt=\"\" width=\"300\" height=\"200\" srcset=\"http:\/\/intensivpflege-wittstock.de\/wp\/wp-content\/uploads\/2016\/03\/ipw-wohngemeinschaft2-300x200.jpg 300w, http:\/\/intensivpflege-wittstock.de\/wp\/wp-content\/uploads\/2016\/03\/ipw-wohngemeinschaft2-768x513.jpg 768w, http:\/\/intensivpflege-wittstock.de\/wp\/wp-content\/uploads\/2016\/03\/ipw-wohngemeinschaft2-1024x684.jpg 1024w, http:\/\/intensivpflege-wittstock.de\/wp\/wp-content\/uploads\/2016\/03\/ipw-wohngemeinschaft2.jpg 1400w\" sizes=\"(max-width: 300px) 100vw, 300px\" \/><\/p>\n<p>Jeder Betroffene verf\u00fcgt \u00fcber einen eigenen pers\u00f6nlichen Wohnbereich, der nach eigenen Vorstellungen gestaltet werden kann. Als Gemeinschaftseinrichtungen stehen K\u00fcche, Bad, Toiletten und ein Gemeinschaftsraum zur Verf\u00fcgung.<\/p>\n<p>Warum Wohngemeinschaft?<\/p>\n<p>Die k\u00f6rperliche psychische Belastung f\u00fcr Angeh\u00f6rige in der eigenen h\u00e4uslichen Umgebung, ist meist schon nach kurzer Dauer ein nur schwer auszuhaltender Umstand. Auch st\u00e4ndige St\u00f6rung der eigenen Privatsph\u00e4re durch 24 Stunden lang anwesendes Fachpersonal, f\u00fchrt meist schon nach kurzer Zeit zu Komplikationen.<\/p>\n<h3>Der Weg in unsere Wohngemeinschaft<\/h3>\n<p>Der erste Kontakt zu unserem Team findet in der Regel durch den Anruf eines Angeh\u00f6rigen oder der behandelnden Klinik statt. Wir vereinbaren anschlie\u00dfend zeitnah ein erstes, pers\u00f6nliches und unverbindliches Kennenlerngespr\u00e4ch mit Ihnen, um Ihnen unter anderem einen \u00dcberblick \u00fcber Ihren individuellen Versorgungsfall geben zu k\u00f6nnen.<\/p>\n<p>Bei Bedarf begleiten wir Ihren Angeh\u00f6rigen, z.B. aus der Klinik in unsere Wohngemeinschaft.\u00a0Bei der Aufnahme in unsere Wohngemeinschaft haben Sie oder Ihre Angeh\u00f6rigen die M\u00f6glichkeit sich langsam an die Situation zu gew\u00f6hnen.<\/p>\n<div class=\"ctsc-focus ctsc-focus- ipw-contact-box\" style=\"\">Sie interessieren sich f\u00fcr einen Platz in unserer Wohngemeinschaft?<\/p>\n<p><a class=\"ctsc-button ctsc-button- ctsc-button-  ipw-btn ctsc-button-has-icon\" href=\"http:\/\/intensivpflege-wittstock.de\/index.php\/kontakt\/\" style=\" background:gray; color:white;\"><span class=\"ctsc-button-content\"><span class=\"ctsc-button-icon icon-phone\"><\/span> <span class=\"ctsc-button-text\">Sprechen Sie uns an<\/span><\/span><\/a><\/div>\n","protected":false},"excerpt":{"rendered":"<p>Sie suchen nach einer Alternative zur Versorgung in der eigenen H\u00e4uslichkeit f\u00fcr Ihre Angeh\u00f6rigen und m\u00f6chten sie nicht in einem Pflegeheim unterbringen? Bei uns haben Ihre Angeh\u00f6rigen die M\u00f6glichkeit in einer Wohngemeinschaft rund um die Uhr versorgt zu werden. In unserer Wohngemeinschaft finden mehrere Intensivpflegebed\u00fcrftige ein neues Zuhause. Jeder Betroffene verf\u00fcgt \u00fcber einen eigenen pers\u00f6nlichen Wohnbereich, der nach eigenen Vorstellungen gestaltet werden kann. Als Gemeinschaftseinrichtungen stehen K\u00fcche, Bad, Toiletten und ein Gemeinschaftsraum zur Verf\u00fcgung. Warum Wohngemeinschaft? Die k\u00f6rperliche psychische Belastung&hellip;<\/p>\n","protected":false},"author":1,"featured_media":0,"parent":8,"menu_order":0,"comment_status":"closed","ping_status":"closed","template":"","meta":[],"yoast_head":"<!-- This site is optimized with the Yoast SEO plugin v17.1 - https:\/\/yoast.com\/wordpress\/plugins\/seo\/ -->\n<title>Wohngemeinschaft - ipw Intensivpflege Wittstock GmbH<\/title>\n<meta name=\"robots\" content=\"index, follow, max-snippet:-1, max-image-preview:large, max-video-preview:-1\" \/>\n<link rel=\"canonical\" href=\"http:\/\/intensivpflege-wittstock.de\/index.php\/intensivpflege\/wohngemeinschaft\/\" \/>\n<meta property=\"og:locale\" content=\"de_DE\" \/>\n<meta property=\"og:type\" content=\"article\" \/>\n<meta property=\"og:title\" content=\"Wohngemeinschaft - ipw Intensivpflege Wittstock GmbH\" \/>\n<meta property=\"og:description\" content=\"Sie suchen nach einer Alternative zur Versorgung in der eigenen H\u00e4uslichkeit f\u00fcr Ihre Angeh\u00f6rigen und m\u00f6chten sie nicht in einem Pflegeheim unterbringen? Bei uns haben Ihre Angeh\u00f6rigen die M\u00f6glichkeit in einer Wohngemeinschaft rund um die Uhr versorgt zu werden. In unserer Wohngemeinschaft finden mehrere Intensivpflegebed\u00fcrftige ein neues Zuhause. Jeder Betroffene verf\u00fcgt \u00fcber einen eigenen pers\u00f6nlichen Wohnbereich, der nach eigenen Vorstellungen gestaltet werden kann. Als Gemeinschaftseinrichtungen stehen K\u00fcche, Bad, Toiletten und ein Gemeinschaftsraum zur Verf\u00fcgung. Warum Wohngemeinschaft? Die k\u00f6rperliche psychische Belastung&hellip;\" \/>\n<meta property=\"og:url\" content=\"http:\/\/intensivpflege-wittstock.de\/index.php\/intensivpflege\/wohngemeinschaft\/\" \/>\n<meta property=\"og:site_name\" content=\"ipw Intensivpflege Wittstock GmbH\" \/>\n<meta property=\"article:modified_time\" content=\"2017-03-31T11:14:25+00:00\" \/>\n<meta property=\"og:image\" content=\"http:\/\/intensivpflege-wittstock.de\/wp\/wp-content\/uploads\/2016\/03\/ipw-wohngemeinschaft1-300x200.jpg\" \/>\n<meta name=\"twitter:card\" content=\"summary\" \/>\n<meta name=\"twitter:label1\" content=\"Gesch\u00e4tzte Lesezeit\" \/>\n\t<meta name=\"twitter:data1\" content=\"1\u00a0Minute\" \/>\n<script type=\"application\/ld+json\" class=\"yoast-schema-graph\">{\"@context\":\"https:\/\/schema.org\",\"@graph\":[{\"@type\":\"WebSite\",\"@id\":\"http:\/\/intensivpflege-wittstock.de\/#website\",\"url\":\"http:\/\/intensivpflege-wittstock.de\/\",\"name\":\"ipw Intensivpflege Wittstock GmbH\",\"description\":\"Ihr Fachpflegeteam f\\u00fcr 24 Stunden.\",\"potentialAction\":[{\"@type\":\"SearchAction\",\"target\":{\"@type\":\"EntryPoint\",\"urlTemplate\":\"http:\/\/intensivpflege-wittstock.de\/?s={search_term_string}\"},\"query-input\":\"required name=search_term_string\"}],\"inLanguage\":\"de\"},{\"@type\":\"ImageObject\",\"@id\":\"http:\/\/intensivpflege-wittstock.de\/index.php\/intensivpflege\/wohngemeinschaft\/#primaryimage\",\"inLanguage\":\"de\",\"url\":\"http:\/\/intensivpflege-wittstock.de\/wp\/wp-content\/uploads\/2016\/03\/ipw-wohngemeinschaft1.jpg\",\"contentUrl\":\"http:\/\/intensivpflege-wittstock.de\/wp\/wp-content\/uploads\/2016\/03\/ipw-wohngemeinschaft1.jpg\",\"width\":1400,\"height\":935},{\"@type\":\"WebPage\",\"@id\":\"http:\/\/intensivpflege-wittstock.de\/index.php\/intensivpflege\/wohngemeinschaft\/#webpage\",\"url\":\"http:\/\/intensivpflege-wittstock.de\/index.php\/intensivpflege\/wohngemeinschaft\/\",\"name\":\"Wohngemeinschaft - ipw Intensivpflege Wittstock GmbH\",\"isPartOf\":{\"@id\":\"http:\/\/intensivpflege-wittstock.de\/#website\"},\"primaryImageOfPage\":{\"@id\":\"http:\/\/intensivpflege-wittstock.de\/index.php\/intensivpflege\/wohngemeinschaft\/#primaryimage\"},\"datePublished\":\"2016-03-01T06:14:15+00:00\",\"dateModified\":\"2017-03-31T11:14:25+00:00\",\"breadcrumb\":{\"@id\":\"http:\/\/intensivpflege-wittstock.de\/index.php\/intensivpflege\/wohngemeinschaft\/#breadcrumb\"},\"inLanguage\":\"de\",\"potentialAction\":[{\"@type\":\"ReadAction\",\"target\":[\"http:\/\/intensivpflege-wittstock.de\/index.php\/intensivpflege\/wohngemeinschaft\/\"]}]},{\"@type\":\"BreadcrumbList\",\"@id\":\"http:\/\/intensivpflege-wittstock.de\/index.php\/intensivpflege\/wohngemeinschaft\/#breadcrumb\",\"itemListElement\":[{\"@type\":\"ListItem\",\"position\":1,\"name\":\"Home\",\"item\":\"http:\/\/intensivpflege-wittstock.de\/\"},{\"@type\":\"ListItem\",\"position\":2,\"name\":\"Intensivpflege\",\"item\":\"http:\/\/intensivpflege-wittstock.de\/index.php\/intensivpflege\/\"},{\"@type\":\"ListItem\",\"position\":3,\"name\":\"Wohngemeinschaft\"}]}]}<\/script>\n<!-- \/ Yoast SEO plugin. -->","yoast_head_json":{"title":"Wohngemeinschaft - ipw Intensivpflege Wittstock GmbH","robots":{"index":"index","follow":"follow","max-snippet":"max-snippet:-1","max-image-preview":"max-image-preview:large","max-video-preview":"max-video-preview:-1"},"canonical":"http:\/\/intensivpflege-wittstock.de\/index.php\/intensivpflege\/wohngemeinschaft\/","og_locale":"de_DE","og_type":"article","og_title":"Wohngemeinschaft - ipw Intensivpflege Wittstock GmbH","og_description":"Sie suchen nach einer Alternative zur Versorgung in der eigenen H\u00e4uslichkeit f\u00fcr Ihre Angeh\u00f6rigen und m\u00f6chten sie nicht in einem Pflegeheim unterbringen? Bei uns haben Ihre Angeh\u00f6rigen die M\u00f6glichkeit in einer Wohngemeinschaft rund um die Uhr versorgt zu werden. In unserer Wohngemeinschaft finden mehrere Intensivpflegebed\u00fcrftige ein neues Zuhause. Jeder Betroffene verf\u00fcgt \u00fcber einen eigenen pers\u00f6nlichen Wohnbereich, der nach eigenen Vorstellungen gestaltet werden kann. Als Gemeinschaftseinrichtungen stehen K\u00fcche, Bad, Toiletten und ein Gemeinschaftsraum zur Verf\u00fcgung. Warum Wohngemeinschaft? Die k\u00f6rperliche psychische Belastung&hellip;","og_url":"http:\/\/intensivpflege-wittstock.de\/index.php\/intensivpflege\/wohngemeinschaft\/","og_site_name":"ipw Intensivpflege Wittstock GmbH","article_modified_time":"2017-03-31T11:14:25+00:00","og_image":[{"url":"http:\/\/intensivpflege-wittstock.de\/wp\/wp-content\/uploads\/2016\/03\/ipw-wohngemeinschaft1-300x200.jpg"}],"twitter_card":"summary","twitter_misc":{"Gesch\u00e4tzte Lesezeit":"1\u00a0Minute"},"schema":{"@context":"https:\/\/schema.org","@graph":[{"@type":"WebSite","@id":"http:\/\/intensivpflege-wittstock.de\/#website","url":"http:\/\/intensivpflege-wittstock.de\/","name":"ipw Intensivpflege Wittstock GmbH","description":"Ihr Fachpflegeteam f\u00fcr 24 Stunden.","potentialAction":[{"@type":"SearchAction","target":{"@type":"EntryPoint","urlTemplate":"http:\/\/intensivpflege-wittstock.de\/?s={search_term_string}"},"query-input":"required name=search_term_string"}],"inLanguage":"de"},{"@type":"ImageObject","@id":"http:\/\/intensivpflege-wittstock.de\/index.php\/intensivpflege\/wohngemeinschaft\/#primaryimage","inLanguage":"de","url":"http:\/\/intensivpflege-wittstock.de\/wp\/wp-content\/uploads\/2016\/03\/ipw-wohngemeinschaft1.jpg","contentUrl":"http:\/\/intensivpflege-wittstock.de\/wp\/wp-content\/uploads\/2016\/03\/ipw-wohngemeinschaft1.jpg","width":1400,"height":935},{"@type":"WebPage","@id":"http:\/\/intensivpflege-wittstock.de\/index.php\/intensivpflege\/wohngemeinschaft\/#webpage","url":"http:\/\/intensivpflege-wittstock.de\/index.php\/intensivpflege\/wohngemeinschaft\/","name":"Wohngemeinschaft - ipw Intensivpflege Wittstock GmbH","isPartOf":{"@id":"http:\/\/intensivpflege-wittstock.de\/#website"},"primaryImageOfPage":{"@id":"http:\/\/intensivpflege-wittstock.de\/index.php\/intensivpflege\/wohngemeinschaft\/#primaryimage"},"datePublished":"2016-03-01T06:14:15+00:00","dateModified":"2017-03-31T11:14:25+00:00","breadcrumb":{"@id":"http:\/\/intensivpflege-wittstock.de\/index.php\/intensivpflege\/wohngemeinschaft\/#breadcrumb"},"inLanguage":"de","potentialAction":[{"@type":"ReadAction","target":["http:\/\/intensivpflege-wittstock.de\/index.php\/intensivpflege\/wohngemeinschaft\/"]}]},{"@type":"BreadcrumbList","@id":"http:\/\/intensivpflege-wittstock.de\/index.php\/intensivpflege\/wohngemeinschaft\/#breadcrumb","itemListElement":[{"@type":"ListItem","position":1,"name":"Home","item":"http:\/\/intensivpflege-wittstock.de\/"},{"@type":"ListItem","position":2,"name":"Intensivpflege","item":"http:\/\/intensivpflege-wittstock.de\/index.php\/intensivpflege\/"},{"@type":"ListItem","position":3,"name":"Wohngemeinschaft"}]}]}},"_links":{"self":[{"href":"http:\/\/intensivpflege-wittstock.de\/index.php\/wp-json\/wp\/v2\/pages\/12"}],"collection":[{"href":"http:\/\/intensivpflege-wittstock.de\/index.php\/wp-json\/wp\/v2\/pages"}],"about":[{"href":"http:\/\/intensivpflege-wittstock.de\/index.php\/wp-json\/wp\/v2\/types\/page"}],"author":[{"embeddable":true,"href":"http:\/\/intensivpflege-wittstock.de\/index.php\/wp-json\/wp\/v2\/users\/1"}],"replies":[{"embeddable":true,"href":"http:\/\/intensivpflege-wittstock.de\/index.php\/wp-json\/wp\/v2\/comments?post=12"}],"version-history":[{"count":8,"href":"http:\/\/intensivpflege-wittstock.de\/index.php\/wp-json\/wp\/v2\/pages\/12\/revisions"}],"predecessor-version":[{"id":88,"href":"http:\/\/intensivpflege-wittstock.de\/index.php\/wp-json\/wp\/v2\/pages\/12\/revisions\/88"}],"up":[{"embeddable":true,"href":"http:\/\/intensivpflege-wittstock.de\/index.php\/wp-json\/wp\/v2\/pages\/8"}],"wp:attachment":[{"href":"http:\/\/intensivpflege-wittstock.de\/index.php\/wp-json\/wp\/v2\/media?parent=12"}],"curies":[{"name":"wp","href":"https:\/\/api.w.org\/{rel}","templated":true}]}}