{"id":14,"date":"2016-03-01T08:31:02","date_gmt":"2016-03-01T07:31:02","guid":{"rendered":"http:\/\/intensivpflege-wittstock.de\/wp\/?page_id=14"},"modified":"2016-03-01T08:31:02","modified_gmt":"2016-03-01T07:31:02","slug":"unser-service","status":"publish","type":"page","link":"http:\/\/intensivpflege-wittstock.de\/index.php\/intensivpflege\/unser-service\/","title":{"rendered":"Unser Team &#8211; unser Service"},"content":{"rendered":"<p>Unsere Mitarbeiter sind examinierte Krankenschwestern, Krankenpfleger, Altenpfleger und Altenpflegerinnen mit jeweils 3-j\u00e4hriger Ausbildung mit langj\u00e4hriger Erfahrung in der Intensivpflege sowie extra ausgebildetes Fachpersonal in der au\u00dferklinischen Intensivpflege\/ Heimbeatmung.<\/p>\n<p>Somit k\u00f6nnen wir in unseren Leistungsbereichen wertvolle Unterst\u00fctzung anbieten.<\/p>\n<p>Bereits in der \u00dcberleitung des Klienten aus dem Krankenhaus in die Wohngemeinschaft, leisten wir professionelle Hilfe und Unterst\u00fctzung. Hilfe bei Antr\u00e4gen (Kranken- und Pflegekassen, Sozialamt usw.), Kurzfristige Organisation von Pflegehilfsmitteln wie: Pflegebett, Rollstuhl, (med.) Fu\u00dfpflege, Fris\u00f6r und vieles mehr.<\/p>\n<h3>Schwerpunkte unserer T\u00e4tigkeit<\/h3>\n<ul>\n<li>\u00dcbernahme aller erforderlichen Vorbereitungen von der \u00dcberleitung aus der Klink in die Wohngemeinschaft.<\/li>\n<li>Enge Zusammenarbeit mit Krankenkassen und Pflegekassen, \u00c4rzten, Krankengymnasten, Ergotherapeuten, Logop\u00e4den und Hilfsmittelfirmen<\/li>\n<li>Die Klienten werden von einem Team intensiverfahrener Pflegefachkr\u00e4fte betreut, kontinuierlich im Tagdienst, Sp\u00e4tdienst und Nachtdienst<\/li>\n<li>Jedem Klienten ist eine Bezugsperson zugewiesen<\/li>\n<li>Die Stellvertretende Pflegedienstleiterin, ist f\u00fcr die organisatorischen und pflegerischen Ma\u00dfnahmen verantwortlich. Sie steht in engem Kontakt zur Pflegedienstleiterin. So k\u00f6nnen alle erforderlichen Dinge zeitnah geregelt, Probleme oder \u00c4nderungen schnell erkannt und behoben werden.<\/li>\n<li>Erstellung einer aussagekr\u00e4ftigen Dokumentation zur Sicherstellung koordinierter Handlungsabl\u00e4ufe, F\u00f6rderung der aktiven Mitbestimmung von Klienten und Angeh\u00f6rigen bei der Gestaltung der Pflege und Einbeziehung von Ressourcen und m\u00f6glichen Selbsthilfepotenzialen.<\/li>\n<li>Ganzheitliche Versorgung der Klienten unter Einbeziehung ihrer individuellen, kulturellen und sozialen Bed\u00fcrfnisse und unter Ber\u00fccksichtigung der Besonderheiten im neuen Umfeld<\/li>\n<li>Hohes Pflegeniveau durch aktivierende und ganzheitliche Pflege und Betreuung. Das gibt den Klienten und Angeh\u00f6rigen h\u00f6chstm\u00f6gliche Sicherheit<\/li>\n<\/ul>\n<p>SGB XI = Grundpflege (alles was mit der direkten Pflege am Menschen zu tun hat)<br \/>\nHauswirtschaft (S\u00e4uberung des direkten Umfeldes des Klienten)<\/p>\n<p>SGB V = Verordnung vom Hausarzt oder Facharzt f\u00fcr die Erbringung verordnungspflichtiger<br \/>\nLeistungen (Spritzen, Verbandswechsel usw.)<\/p>\n<h3>Pflegeerg\u00e4nzungsgesetz<\/h3>\n<p>Alle Pflegebed\u00fcrftigen, auch der Pflegestufe 0, k\u00f6nnen zus\u00e4tzliche Betreuungs- und Entlastungsangebote nutzen (\u00a7 45b SGB XI). Je nach Grad des Betreuungsbedarfs zahlen die Pflegekassen daf\u00fcr monatlich 104 Euro (Grundbedarf) beziehungsweise 208 Euro (erh\u00f6hter Bedarf). Das Geld darf nur zweckgebunden f\u00fcr qualit\u00e4tsgesicherte Angebote eingesetzt werden, vor allem um pflegende Angeh\u00f6rige zu entlasten.<\/p>\n","protected":false},"excerpt":{"rendered":"<p>Unsere Mitarbeiter sind examinierte Krankenschwestern, Krankenpfleger, Altenpfleger und Altenpflegerinnen mit jeweils 3-j\u00e4hriger Ausbildung mit langj\u00e4hriger Erfahrung in der Intensivpflege sowie extra ausgebildetes Fachpersonal in der au\u00dferklinischen Intensivpflege\/ Heimbeatmung. Somit k\u00f6nnen wir in unseren Leistungsbereichen wertvolle Unterst\u00fctzung anbieten. Bereits in der \u00dcberleitung des Klienten aus dem Krankenhaus in die Wohngemeinschaft, leisten wir professionelle Hilfe und Unterst\u00fctzung. Hilfe bei Antr\u00e4gen (Kranken- und Pflegekassen, Sozialamt usw.), Kurzfristige Organisation von Pflegehilfsmitteln wie: Pflegebett, Rollstuhl, (med.) Fu\u00dfpflege, Fris\u00f6r und vieles mehr. Schwerpunkte unserer T\u00e4tigkeit \u00dcbernahme&hellip;<\/p>\n","protected":false},"author":1,"featured_media":0,"parent":8,"menu_order":0,"comment_status":"closed","ping_status":"closed","template":"","meta":[],"yoast_head":"<!-- This site is optimized with the Yoast SEO plugin v17.1 - https:\/\/yoast.com\/wordpress\/plugins\/seo\/ -->\n<title>Unser Team - unser Service - ipw Intensivpflege Wittstock GmbH<\/title>\n<meta name=\"robots\" content=\"index, follow, max-snippet:-1, max-image-preview:large, max-video-preview:-1\" \/>\n<link rel=\"canonical\" href=\"http:\/\/intensivpflege-wittstock.de\/index.php\/intensivpflege\/unser-service\/\" \/>\n<meta property=\"og:locale\" content=\"de_DE\" \/>\n<meta property=\"og:type\" content=\"article\" \/>\n<meta property=\"og:title\" content=\"Unser Team - unser Service - ipw Intensivpflege Wittstock GmbH\" \/>\n<meta property=\"og:description\" content=\"Unsere Mitarbeiter sind examinierte Krankenschwestern, Krankenpfleger, Altenpfleger und Altenpflegerinnen mit jeweils 3-j\u00e4hriger Ausbildung mit langj\u00e4hriger Erfahrung in der Intensivpflege sowie extra ausgebildetes Fachpersonal in der au\u00dferklinischen Intensivpflege\/ Heimbeatmung. Somit k\u00f6nnen wir in unseren Leistungsbereichen wertvolle Unterst\u00fctzung anbieten. Bereits in der \u00dcberleitung des Klienten aus dem Krankenhaus in die Wohngemeinschaft, leisten wir professionelle Hilfe und Unterst\u00fctzung. Hilfe bei Antr\u00e4gen (Kranken- und Pflegekassen, Sozialamt usw.), Kurzfristige Organisation von Pflegehilfsmitteln wie: Pflegebett, Rollstuhl, (med.) Fu\u00dfpflege, Fris\u00f6r und vieles mehr. Schwerpunkte unserer T\u00e4tigkeit \u00dcbernahme&hellip;\" \/>\n<meta property=\"og:url\" content=\"http:\/\/intensivpflege-wittstock.de\/index.php\/intensivpflege\/unser-service\/\" \/>\n<meta property=\"og:site_name\" content=\"ipw Intensivpflege Wittstock GmbH\" \/>\n<meta name=\"twitter:card\" content=\"summary\" \/>\n<meta name=\"twitter:label1\" content=\"Gesch\u00e4tzte Lesezeit\" \/>\n\t<meta name=\"twitter:data1\" content=\"2\u00a0Minuten\" \/>\n<script type=\"application\/ld+json\" class=\"yoast-schema-graph\">{\"@context\":\"https:\/\/schema.org\",\"@graph\":[{\"@type\":\"WebSite\",\"@id\":\"http:\/\/intensivpflege-wittstock.de\/#website\",\"url\":\"http:\/\/intensivpflege-wittstock.de\/\",\"name\":\"ipw Intensivpflege Wittstock GmbH\",\"description\":\"Ihr Fachpflegeteam f\\u00fcr 24 Stunden.\",\"potentialAction\":[{\"@type\":\"SearchAction\",\"target\":{\"@type\":\"EntryPoint\",\"urlTemplate\":\"http:\/\/intensivpflege-wittstock.de\/?s={search_term_string}\"},\"query-input\":\"required name=search_term_string\"}],\"inLanguage\":\"de\"},{\"@type\":\"WebPage\",\"@id\":\"http:\/\/intensivpflege-wittstock.de\/index.php\/intensivpflege\/unser-service\/#webpage\",\"url\":\"http:\/\/intensivpflege-wittstock.de\/index.php\/intensivpflege\/unser-service\/\",\"name\":\"Unser Team - unser Service - ipw Intensivpflege Wittstock GmbH\",\"isPartOf\":{\"@id\":\"http:\/\/intensivpflege-wittstock.de\/#website\"},\"datePublished\":\"2016-03-01T07:31:02+00:00\",\"dateModified\":\"2016-03-01T07:31:02+00:00\",\"breadcrumb\":{\"@id\":\"http:\/\/intensivpflege-wittstock.de\/index.php\/intensivpflege\/unser-service\/#breadcrumb\"},\"inLanguage\":\"de\",\"potentialAction\":[{\"@type\":\"ReadAction\",\"target\":[\"http:\/\/intensivpflege-wittstock.de\/index.php\/intensivpflege\/unser-service\/\"]}]},{\"@type\":\"BreadcrumbList\",\"@id\":\"http:\/\/intensivpflege-wittstock.de\/index.php\/intensivpflege\/unser-service\/#breadcrumb\",\"itemListElement\":[{\"@type\":\"ListItem\",\"position\":1,\"name\":\"Home\",\"item\":\"http:\/\/intensivpflege-wittstock.de\/\"},{\"@type\":\"ListItem\",\"position\":2,\"name\":\"Intensivpflege\",\"item\":\"http:\/\/intensivpflege-wittstock.de\/index.php\/intensivpflege\/\"},{\"@type\":\"ListItem\",\"position\":3,\"name\":\"Unser Team &#8211; unser Service\"}]}]}<\/script>\n<!-- \/ Yoast SEO plugin. -->","yoast_head_json":{"title":"Unser Team - unser Service - ipw Intensivpflege Wittstock GmbH","robots":{"index":"index","follow":"follow","max-snippet":"max-snippet:-1","max-image-preview":"max-image-preview:large","max-video-preview":"max-video-preview:-1"},"canonical":"http:\/\/intensivpflege-wittstock.de\/index.php\/intensivpflege\/unser-service\/","og_locale":"de_DE","og_type":"article","og_title":"Unser Team - unser Service - ipw Intensivpflege Wittstock GmbH","og_description":"Unsere Mitarbeiter sind examinierte Krankenschwestern, Krankenpfleger, Altenpfleger und Altenpflegerinnen mit jeweils 3-j\u00e4hriger Ausbildung mit langj\u00e4hriger Erfahrung in der Intensivpflege sowie extra ausgebildetes Fachpersonal in der au\u00dferklinischen Intensivpflege\/ Heimbeatmung. Somit k\u00f6nnen wir in unseren Leistungsbereichen wertvolle Unterst\u00fctzung anbieten. Bereits in der \u00dcberleitung des Klienten aus dem Krankenhaus in die Wohngemeinschaft, leisten wir professionelle Hilfe und Unterst\u00fctzung. Hilfe bei Antr\u00e4gen (Kranken- und Pflegekassen, Sozialamt usw.), Kurzfristige Organisation von Pflegehilfsmitteln wie: Pflegebett, Rollstuhl, (med.) Fu\u00dfpflege, Fris\u00f6r und vieles mehr. Schwerpunkte unserer T\u00e4tigkeit \u00dcbernahme&hellip;","og_url":"http:\/\/intensivpflege-wittstock.de\/index.php\/intensivpflege\/unser-service\/","og_site_name":"ipw Intensivpflege Wittstock GmbH","twitter_card":"summary","twitter_misc":{"Gesch\u00e4tzte Lesezeit":"2\u00a0Minuten"},"schema":{"@context":"https:\/\/schema.org","@graph":[{"@type":"WebSite","@id":"http:\/\/intensivpflege-wittstock.de\/#website","url":"http:\/\/intensivpflege-wittstock.de\/","name":"ipw Intensivpflege Wittstock GmbH","description":"Ihr Fachpflegeteam f\u00fcr 24 Stunden.","potentialAction":[{"@type":"SearchAction","target":{"@type":"EntryPoint","urlTemplate":"http:\/\/intensivpflege-wittstock.de\/?s={search_term_string}"},"query-input":"required name=search_term_string"}],"inLanguage":"de"},{"@type":"WebPage","@id":"http:\/\/intensivpflege-wittstock.de\/index.php\/intensivpflege\/unser-service\/#webpage","url":"http:\/\/intensivpflege-wittstock.de\/index.php\/intensivpflege\/unser-service\/","name":"Unser Team - unser Service - ipw Intensivpflege Wittstock GmbH","isPartOf":{"@id":"http:\/\/intensivpflege-wittstock.de\/#website"},"datePublished":"2016-03-01T07:31:02+00:00","dateModified":"2016-03-01T07:31:02+00:00","breadcrumb":{"@id":"http:\/\/intensivpflege-wittstock.de\/index.php\/intensivpflege\/unser-service\/#breadcrumb"},"inLanguage":"de","potentialAction":[{"@type":"ReadAction","target":["http:\/\/intensivpflege-wittstock.de\/index.php\/intensivpflege\/unser-service\/"]}]},{"@type":"BreadcrumbList","@id":"http:\/\/intensivpflege-wittstock.de\/index.php\/intensivpflege\/unser-service\/#breadcrumb","itemListElement":[{"@type":"ListItem","position":1,"name":"Home","item":"http:\/\/intensivpflege-wittstock.de\/"},{"@type":"ListItem","position":2,"name":"Intensivpflege","item":"http:\/\/intensivpflege-wittstock.de\/index.php\/intensivpflege\/"},{"@type":"ListItem","position":3,"name":"Unser Team &#8211; unser Service"}]}]}},"_links":{"self":[{"href":"http:\/\/intensivpflege-wittstock.de\/index.php\/wp-json\/wp\/v2\/pages\/14"}],"collection":[{"href":"http:\/\/intensivpflege-wittstock.de\/index.php\/wp-json\/wp\/v2\/pages"}],"about":[{"href":"http:\/\/intensivpflege-wittstock.de\/index.php\/wp-json\/wp\/v2\/types\/page"}],"author":[{"embeddable":true,"href":"http:\/\/intensivpflege-wittstock.de\/index.php\/wp-json\/wp\/v2\/users\/1"}],"replies":[{"embeddable":true,"href":"http:\/\/intensivpflege-wittstock.de\/index.php\/wp-json\/wp\/v2\/comments?post=14"}],"version-history":[{"count":1,"href":"http:\/\/intensivpflege-wittstock.de\/index.php\/wp-json\/wp\/v2\/pages\/14\/revisions"}],"predecessor-version":[{"id":15,"href":"http:\/\/intensivpflege-wittstock.de\/index.php\/wp-json\/wp\/v2\/pages\/14\/revisions\/15"}],"up":[{"embeddable":true,"href":"http:\/\/intensivpflege-wittstock.de\/index.php\/wp-json\/wp\/v2\/pages\/8"}],"wp:attachment":[{"href":"http:\/\/intensivpflege-wittstock.de\/index.php\/wp-json\/wp\/v2\/media?parent=14"}],"curies":[{"name":"wp","href":"https:\/\/api.w.org\/{rel}","templated":true}]}}