{"id":6,"date":"2016-03-01T07:08:19","date_gmt":"2016-03-01T06:08:19","guid":{"rendered":"http:\/\/intensivpflege-wittstock.de\/wp\/?page_id=6"},"modified":"2016-03-01T09:17:25","modified_gmt":"2016-03-01T08:17:25","slug":"intensivpflege-in-wittstock","status":"publish","type":"page","link":"http:\/\/intensivpflege-wittstock.de\/","title":{"rendered":"Intensivpflege in Wittstock"},"content":{"rendered":"<div class=\"ctsc-column ctsc-col2\">\n<h4>ipw Intensivpflege Wittstock GmbH<\/h4>\n<h6>Ihr Fachpflegeteam f\u00fcr 24 Stunden<\/h6>\n<p>Mit der Gr\u00fcndung unseres ipw Intensivpflegedienstes Wittstock und langer Erfahrung in der Kranken- Alten- und Intensivpflege, m\u00f6chten wir allen Betroffenen eine Versorgung im Bereich der Intensivpflege in einer Wohngemeinschaft erm\u00f6glichen.<\/p>\n<p>Nicht nur im Alter wird eine umsorgende Hand immer wichtiger, auch bei ungeahnten Schicksalsschl\u00e4gen oder bei einer pl\u00f6tzlichen schweren Erkrankung ist es entscheidend, qualifiziertes Pflegepersonal zu haben.<\/p>\n<p>In der Intensivpflege \u00fcbernehmen wir \u00a024 Stunden t\u00e4glich die Pflege und Betreuung von schwerstpflegebed\u00fcrftigen, langzeitbeatmeten Klienten in unserer Wohngemeinschaft.<\/p>\n<p>Unsere Mitarbeiter sind Fachkr\u00e4fte mit Erfahrungen in der au\u00dferklinischen\u00a0Intensivpflege, zudem erhalten Sie regelm\u00e4\u00dfig Schulungen um eine optimale Versorgungsqualit\u00e4t zu gew\u00e4hrleisten.<\/p>\n<div class=\"ctsc-list ctsc-list-square \" id=\"&#8220;ipw-list&#8220;[\/ct_list\"><span class=\"ctsc-list-icon icon-&#8220;angle-double-right&#8220;\" style=\" background:gray; color:white;\"><\/span><\/div><\/p>\n<\/div><div class=\"ctsc-column ctsc-col2 ctsc-col-last\">\n<div class=\"ctsc-focus ctsc-focus- ipw-contact-box\" style=\"\">Sie haben Fragen zu uns oder unserem Service? W\u00fcnschen Sie ein individuelles Beratungsgespr\u00e4ch?<\/p>\n<p><a class=\"ctsc-button ctsc-button- ctsc-button-  ipw-btn ctsc-button-has-icon\" href=\"http:\/\/intensivpflege-wittstock.de\/index.php\/kontakt\/\" style=\" background:gray; color:white;\"><span class=\"ctsc-button-content\"><span class=\"ctsc-button-icon icon-phone\"><\/span> <span class=\"ctsc-button-text\">Sprechen Sie uns an<\/span><\/span><\/a><\/div>\n<\/div><div class=\"col-divide\"><\/div><\/p>\n<p><div class=\"ctsc-separator  ctsc-separator-normal\"><div class=\"ctsc-separator-line\"><\/div><div class=\"clear\"><\/div><\/div><\/p>\n<p><div class=\"ctsc-column ctsc-col3\">\n<h4>Was ist Intensivpflege?<\/h4>\n<p>Was bedeutet Intensivpflege und wer \u00fcbernimmt die Kosten der Versorgung?<\/p>\n<p><div class=\"ctsc-list ctsc-list-square \" id=\"ipw-list\"><span class=\"ctsc-list-icon icon-angle-double-right\" style=\" background:gray; color:white;\"><\/span><a href=\"http:\/\/intensivpflege-wittstock.de\/index.php\/intensivpflege\/was-ist-intensivpflege\/\">Weiter lesen<\/a><\/div>\n<\/div><div class=\"ctsc-column ctsc-col3\">\n<h4>Betreute Wohngemeinschaft<\/h4>\n<p>Ist die Pflege Ihrer Angeh\u00f6rigen nicht mehr im gewohnten Umfeld m\u00f6glich?<br \/>\nSie suchen nach einer Alternative zum Pflegeheim?<\/p>\n<div class=\"ctsc-list ctsc-list-square \" id=\"ipw-list\"><span class=\"ctsc-list-icon icon-angle-double-right\" style=\" background:gray; color:white;\"><\/span><a href=\"http:\/\/intensivpflege-wittstock.de\/index.php\/intensivpflege\/wohngemeinschaft\/\">Weiter lesen<\/a><\/div>\n<\/div><div class=\"ctsc-column ctsc-col3 ctsc-col-last\">\n<h4>Unser Team &#8211; unser Service<\/h4>\n<p>Wie k\u00f6nnen Sie eine 24h Betreuung f\u00fcr Ihren intensivpflegebed\u00fcrftigen Angeh\u00f6rigen gew\u00e4hrleisten?<\/p>\n<div class=\"ctsc-list ctsc-list-square \" id=\"ipw-list\"><span class=\"ctsc-list-icon icon-angle-double-right\" style=\" background:gray; color:white;\"><\/span><a href=\"http:\/\/intensivpflege-wittstock.de\/index.php\/intensivpflege\/unser-service\/\">Weiter lesen<\/a><\/div>\n<\/div><div class=\"col-divide\"><\/div><\/p>\n","protected":false},"excerpt":{"rendered":"","protected":false},"author":1,"featured_media":0,"parent":0,"menu_order":0,"comment_status":"closed","ping_status":"closed","template":"","meta":[],"yoast_head":"<!-- This site is optimized with the Yoast SEO plugin v17.1 - https:\/\/yoast.com\/wordpress\/plugins\/seo\/ -->\n<title>Intensivpflege in Wittstock - ipw Intensivpflege Wittstock GmbH<\/title>\n<meta name=\"robots\" content=\"index, follow, max-snippet:-1, max-image-preview:large, max-video-preview:-1\" \/>\n<link rel=\"canonical\" href=\"http:\/\/intensivpflege-wittstock.de\/\" \/>\n<meta property=\"og:locale\" content=\"de_DE\" \/>\n<meta property=\"og:type\" content=\"article\" \/>\n<meta property=\"og:title\" content=\"Intensivpflege in Wittstock - ipw Intensivpflege Wittstock GmbH\" \/>\n<meta property=\"og:url\" content=\"http:\/\/intensivpflege-wittstock.de\/\" \/>\n<meta property=\"og:site_name\" content=\"ipw Intensivpflege Wittstock GmbH\" \/>\n<meta property=\"article:modified_time\" content=\"2016-03-01T08:17:25+00:00\" \/>\n<meta name=\"twitter:card\" content=\"summary\" \/>\n<meta name=\"twitter:label1\" content=\"Gesch\u00e4tzte Lesezeit\" \/>\n\t<meta name=\"twitter:data1\" content=\"1\u00a0Minute\" \/>\n<script type=\"application\/ld+json\" class=\"yoast-schema-graph\">{\"@context\":\"https:\/\/schema.org\",\"@graph\":[{\"@type\":\"WebSite\",\"@id\":\"http:\/\/intensivpflege-wittstock.de\/#website\",\"url\":\"http:\/\/intensivpflege-wittstock.de\/\",\"name\":\"ipw Intensivpflege Wittstock GmbH\",\"description\":\"Ihr Fachpflegeteam f\\u00fcr 24 Stunden.\",\"potentialAction\":[{\"@type\":\"SearchAction\",\"target\":{\"@type\":\"EntryPoint\",\"urlTemplate\":\"http:\/\/intensivpflege-wittstock.de\/?s={search_term_string}\"},\"query-input\":\"required name=search_term_string\"}],\"inLanguage\":\"de\"},{\"@type\":\"WebPage\",\"@id\":\"http:\/\/intensivpflege-wittstock.de\/#webpage\",\"url\":\"http:\/\/intensivpflege-wittstock.de\/\",\"name\":\"Intensivpflege in Wittstock - ipw Intensivpflege Wittstock GmbH\",\"isPartOf\":{\"@id\":\"http:\/\/intensivpflege-wittstock.de\/#website\"},\"datePublished\":\"2016-03-01T06:08:19+00:00\",\"dateModified\":\"2016-03-01T08:17:25+00:00\",\"breadcrumb\":{\"@id\":\"http:\/\/intensivpflege-wittstock.de\/#breadcrumb\"},\"inLanguage\":\"de\",\"potentialAction\":[{\"@type\":\"ReadAction\",\"target\":[\"http:\/\/intensivpflege-wittstock.de\/\"]}]},{\"@type\":\"BreadcrumbList\",\"@id\":\"http:\/\/intensivpflege-wittstock.de\/#breadcrumb\",\"itemListElement\":[{\"@type\":\"ListItem\",\"position\":1,\"name\":\"Home\",\"item\":\"http:\/\/intensivpflege-wittstock.de\/\"},{\"@type\":\"ListItem\",\"position\":2,\"name\":\"Intensivpflege in Wittstock\"}]}]}<\/script>\n<!-- \/ Yoast SEO plugin. -->","yoast_head_json":{"title":"Intensivpflege in Wittstock - ipw Intensivpflege Wittstock GmbH","robots":{"index":"index","follow":"follow","max-snippet":"max-snippet:-1","max-image-preview":"max-image-preview:large","max-video-preview":"max-video-preview:-1"},"canonical":"http:\/\/intensivpflege-wittstock.de\/","og_locale":"de_DE","og_type":"article","og_title":"Intensivpflege in Wittstock - ipw Intensivpflege Wittstock GmbH","og_url":"http:\/\/intensivpflege-wittstock.de\/","og_site_name":"ipw Intensivpflege Wittstock GmbH","article_modified_time":"2016-03-01T08:17:25+00:00","twitter_card":"summary","twitter_misc":{"Gesch\u00e4tzte Lesezeit":"1\u00a0Minute"},"schema":{"@context":"https:\/\/schema.org","@graph":[{"@type":"WebSite","@id":"http:\/\/intensivpflege-wittstock.de\/#website","url":"http:\/\/intensivpflege-wittstock.de\/","name":"ipw Intensivpflege Wittstock GmbH","description":"Ihr Fachpflegeteam f\u00fcr 24 Stunden.","potentialAction":[{"@type":"SearchAction","target":{"@type":"EntryPoint","urlTemplate":"http:\/\/intensivpflege-wittstock.de\/?s={search_term_string}"},"query-input":"required name=search_term_string"}],"inLanguage":"de"},{"@type":"WebPage","@id":"http:\/\/intensivpflege-wittstock.de\/#webpage","url":"http:\/\/intensivpflege-wittstock.de\/","name":"Intensivpflege in Wittstock - ipw Intensivpflege Wittstock GmbH","isPartOf":{"@id":"http:\/\/intensivpflege-wittstock.de\/#website"},"datePublished":"2016-03-01T06:08:19+00:00","dateModified":"2016-03-01T08:17:25+00:00","breadcrumb":{"@id":"http:\/\/intensivpflege-wittstock.de\/#breadcrumb"},"inLanguage":"de","potentialAction":[{"@type":"ReadAction","target":["http:\/\/intensivpflege-wittstock.de\/"]}]},{"@type":"BreadcrumbList","@id":"http:\/\/intensivpflege-wittstock.de\/#breadcrumb","itemListElement":[{"@type":"ListItem","position":1,"name":"Home","item":"http:\/\/intensivpflege-wittstock.de\/"},{"@type":"ListItem","position":2,"name":"Intensivpflege in Wittstock"}]}]}},"_links":{"self":[{"href":"http:\/\/intensivpflege-wittstock.de\/index.php\/wp-json\/wp\/v2\/pages\/6"}],"collection":[{"href":"http:\/\/intensivpflege-wittstock.de\/index.php\/wp-json\/wp\/v2\/pages"}],"about":[{"href":"http:\/\/intensivpflege-wittstock.de\/index.php\/wp-json\/wp\/v2\/types\/page"}],"author":[{"embeddable":true,"href":"http:\/\/intensivpflege-wittstock.de\/index.php\/wp-json\/wp\/v2\/users\/1"}],"replies":[{"embeddable":true,"href":"http:\/\/intensivpflege-wittstock.de\/index.php\/wp-json\/wp\/v2\/comments?post=6"}],"version-history":[{"count":4,"href":"http:\/\/intensivpflege-wittstock.de\/index.php\/wp-json\/wp\/v2\/pages\/6\/revisions"}],"predecessor-version":[{"id":43,"href":"http:\/\/intensivpflege-wittstock.de\/index.php\/wp-json\/wp\/v2\/pages\/6\/revisions\/43"}],"wp:attachment":[{"href":"http:\/\/intensivpflege-wittstock.de\/index.php\/wp-json\/wp\/v2\/media?parent=6"}],"curies":[{"name":"wp","href":"https:\/\/api.w.org\/{rel}","templated":true}]}}