{"id":8,"date":"2016-03-01T07:09:21","date_gmt":"2016-03-01T06:09:21","guid":{"rendered":"http:\/\/intensivpflege-wittstock.de\/wp\/?page_id=8"},"modified":"2016-03-01T07:09:21","modified_gmt":"2016-03-01T06:09:21","slug":"intensivpflege","status":"publish","type":"page","link":"http:\/\/intensivpflege-wittstock.de\/index.php\/intensivpflege\/","title":{"rendered":"Intensivpflege"},"content":{"rendered":"<p>Nicht nur im Alter wird eine umsorgende Hand immer wichtiger, auch bei ungeahnten Schicksalsschl\u00e4gen oder bei einer pl\u00f6tzlichen schweren Erkrankung ist es entscheidend, qualifiziertes Pflegepersonal zu haben.<\/p>\n<p>In der Intensivpflege \u00fcbernehmen wir 24 Stunden t\u00e4glich die Pflege und Betreuung von schwerstpflegebed\u00fcrftigen, langzeitbeatmeten Klienten in unserer Wohngemeinschaft.<\/p>\n<p>Wenn wir etwas f\u00fcr Sie tun k\u00f6nnen, freuen wir uns \u00fcber eine Kontaktaufnahme.<\/p>\n","protected":false},"excerpt":{"rendered":"<p>Nicht nur im Alter wird eine umsorgende Hand immer wichtiger, auch bei ungeahnten Schicksalsschl\u00e4gen oder bei einer pl\u00f6tzlichen schweren Erkrankung ist es entscheidend, qualifiziertes Pflegepersonal zu haben. In der Intensivpflege \u00fcbernehmen wir 24 Stunden t\u00e4glich die Pflege und Betreuung von schwerstpflegebed\u00fcrftigen, langzeitbeatmeten Klienten in unserer Wohngemeinschaft. Wenn wir etwas f\u00fcr Sie tun k\u00f6nnen, freuen wir uns \u00fcber eine Kontaktaufnahme.<\/p>\n","protected":false},"author":1,"featured_media":0,"parent":0,"menu_order":0,"comment_status":"closed","ping_status":"closed","template":"","meta":[],"yoast_head":"<!-- This site is optimized with the Yoast SEO plugin v17.1 - https:\/\/yoast.com\/wordpress\/plugins\/seo\/ -->\n<title>Intensivpflege - ipw Intensivpflege Wittstock GmbH<\/title>\n<meta name=\"robots\" content=\"index, follow, max-snippet:-1, max-image-preview:large, max-video-preview:-1\" \/>\n<link rel=\"canonical\" href=\"http:\/\/intensivpflege-wittstock.de\/index.php\/intensivpflege\/\" \/>\n<meta property=\"og:locale\" content=\"de_DE\" \/>\n<meta property=\"og:type\" content=\"article\" \/>\n<meta property=\"og:title\" content=\"Intensivpflege - ipw Intensivpflege Wittstock GmbH\" \/>\n<meta property=\"og:description\" content=\"Nicht nur im Alter wird eine umsorgende Hand immer wichtiger, auch bei ungeahnten Schicksalsschl\u00e4gen oder bei einer pl\u00f6tzlichen schweren Erkrankung ist es entscheidend, qualifiziertes Pflegepersonal zu haben. In der Intensivpflege \u00fcbernehmen wir 24 Stunden t\u00e4glich die Pflege und Betreuung von schwerstpflegebed\u00fcrftigen, langzeitbeatmeten Klienten in unserer Wohngemeinschaft. Wenn wir etwas f\u00fcr Sie tun k\u00f6nnen, freuen wir uns \u00fcber eine Kontaktaufnahme.\" \/>\n<meta property=\"og:url\" content=\"http:\/\/intensivpflege-wittstock.de\/index.php\/intensivpflege\/\" \/>\n<meta property=\"og:site_name\" content=\"ipw Intensivpflege Wittstock GmbH\" \/>\n<meta name=\"twitter:card\" content=\"summary\" \/>\n<script type=\"application\/ld+json\" class=\"yoast-schema-graph\">{\"@context\":\"https:\/\/schema.org\",\"@graph\":[{\"@type\":\"WebSite\",\"@id\":\"http:\/\/intensivpflege-wittstock.de\/#website\",\"url\":\"http:\/\/intensivpflege-wittstock.de\/\",\"name\":\"ipw Intensivpflege Wittstock GmbH\",\"description\":\"Ihr Fachpflegeteam f\\u00fcr 24 Stunden.\",\"potentialAction\":[{\"@type\":\"SearchAction\",\"target\":{\"@type\":\"EntryPoint\",\"urlTemplate\":\"http:\/\/intensivpflege-wittstock.de\/?s={search_term_string}\"},\"query-input\":\"required name=search_term_string\"}],\"inLanguage\":\"de\"},{\"@type\":\"WebPage\",\"@id\":\"http:\/\/intensivpflege-wittstock.de\/index.php\/intensivpflege\/#webpage\",\"url\":\"http:\/\/intensivpflege-wittstock.de\/index.php\/intensivpflege\/\",\"name\":\"Intensivpflege - ipw Intensivpflege Wittstock GmbH\",\"isPartOf\":{\"@id\":\"http:\/\/intensivpflege-wittstock.de\/#website\"},\"datePublished\":\"2016-03-01T06:09:21+00:00\",\"dateModified\":\"2016-03-01T06:09:21+00:00\",\"breadcrumb\":{\"@id\":\"http:\/\/intensivpflege-wittstock.de\/index.php\/intensivpflege\/#breadcrumb\"},\"inLanguage\":\"de\",\"potentialAction\":[{\"@type\":\"ReadAction\",\"target\":[\"http:\/\/intensivpflege-wittstock.de\/index.php\/intensivpflege\/\"]}]},{\"@type\":\"BreadcrumbList\",\"@id\":\"http:\/\/intensivpflege-wittstock.de\/index.php\/intensivpflege\/#breadcrumb\",\"itemListElement\":[{\"@type\":\"ListItem\",\"position\":1,\"name\":\"Home\",\"item\":\"http:\/\/intensivpflege-wittstock.de\/\"},{\"@type\":\"ListItem\",\"position\":2,\"name\":\"Intensivpflege\"}]}]}<\/script>\n<!-- \/ Yoast SEO plugin. -->","yoast_head_json":{"title":"Intensivpflege - ipw Intensivpflege Wittstock GmbH","robots":{"index":"index","follow":"follow","max-snippet":"max-snippet:-1","max-image-preview":"max-image-preview:large","max-video-preview":"max-video-preview:-1"},"canonical":"http:\/\/intensivpflege-wittstock.de\/index.php\/intensivpflege\/","og_locale":"de_DE","og_type":"article","og_title":"Intensivpflege - ipw Intensivpflege Wittstock GmbH","og_description":"Nicht nur im Alter wird eine umsorgende Hand immer wichtiger, auch bei ungeahnten Schicksalsschl\u00e4gen oder bei einer pl\u00f6tzlichen schweren Erkrankung ist es entscheidend, qualifiziertes Pflegepersonal zu haben. In der Intensivpflege \u00fcbernehmen wir 24 Stunden t\u00e4glich die Pflege und Betreuung von schwerstpflegebed\u00fcrftigen, langzeitbeatmeten Klienten in unserer Wohngemeinschaft. Wenn wir etwas f\u00fcr Sie tun k\u00f6nnen, freuen wir uns \u00fcber eine Kontaktaufnahme.","og_url":"http:\/\/intensivpflege-wittstock.de\/index.php\/intensivpflege\/","og_site_name":"ipw Intensivpflege Wittstock GmbH","twitter_card":"summary","schema":{"@context":"https:\/\/schema.org","@graph":[{"@type":"WebSite","@id":"http:\/\/intensivpflege-wittstock.de\/#website","url":"http:\/\/intensivpflege-wittstock.de\/","name":"ipw Intensivpflege Wittstock GmbH","description":"Ihr Fachpflegeteam f\u00fcr 24 Stunden.","potentialAction":[{"@type":"SearchAction","target":{"@type":"EntryPoint","urlTemplate":"http:\/\/intensivpflege-wittstock.de\/?s={search_term_string}"},"query-input":"required name=search_term_string"}],"inLanguage":"de"},{"@type":"WebPage","@id":"http:\/\/intensivpflege-wittstock.de\/index.php\/intensivpflege\/#webpage","url":"http:\/\/intensivpflege-wittstock.de\/index.php\/intensivpflege\/","name":"Intensivpflege - ipw Intensivpflege Wittstock GmbH","isPartOf":{"@id":"http:\/\/intensivpflege-wittstock.de\/#website"},"datePublished":"2016-03-01T06:09:21+00:00","dateModified":"2016-03-01T06:09:21+00:00","breadcrumb":{"@id":"http:\/\/intensivpflege-wittstock.de\/index.php\/intensivpflege\/#breadcrumb"},"inLanguage":"de","potentialAction":[{"@type":"ReadAction","target":["http:\/\/intensivpflege-wittstock.de\/index.php\/intensivpflege\/"]}]},{"@type":"BreadcrumbList","@id":"http:\/\/intensivpflege-wittstock.de\/index.php\/intensivpflege\/#breadcrumb","itemListElement":[{"@type":"ListItem","position":1,"name":"Home","item":"http:\/\/intensivpflege-wittstock.de\/"},{"@type":"ListItem","position":2,"name":"Intensivpflege"}]}]}},"_links":{"self":[{"href":"http:\/\/intensivpflege-wittstock.de\/index.php\/wp-json\/wp\/v2\/pages\/8"}],"collection":[{"href":"http:\/\/intensivpflege-wittstock.de\/index.php\/wp-json\/wp\/v2\/pages"}],"about":[{"href":"http:\/\/intensivpflege-wittstock.de\/index.php\/wp-json\/wp\/v2\/types\/page"}],"author":[{"embeddable":true,"href":"http:\/\/intensivpflege-wittstock.de\/index.php\/wp-json\/wp\/v2\/users\/1"}],"replies":[{"embeddable":true,"href":"http:\/\/intensivpflege-wittstock.de\/index.php\/wp-json\/wp\/v2\/comments?post=8"}],"version-history":[{"count":1,"href":"http:\/\/intensivpflege-wittstock.de\/index.php\/wp-json\/wp\/v2\/pages\/8\/revisions"}],"predecessor-version":[{"id":9,"href":"http:\/\/intensivpflege-wittstock.de\/index.php\/wp-json\/wp\/v2\/pages\/8\/revisions\/9"}],"wp:attachment":[{"href":"http:\/\/intensivpflege-wittstock.de\/index.php\/wp-json\/wp\/v2\/media?parent=8"}],"curies":[{"name":"wp","href":"https:\/\/api.w.org\/{rel}","templated":true}]}}