{"id":99,"date":"2019-01-09T14:17:53","date_gmt":"2019-01-09T13:17:53","guid":{"rendered":"http:\/\/intensivpflege-wittstock.de\/?page_id=99"},"modified":"2019-03-27T12:53:39","modified_gmt":"2019-03-27T11:53:39","slug":"jobs","status":"publish","type":"page","link":"http:\/\/intensivpflege-wittstock.de\/index.php\/jobs\/","title":{"rendered":"Stellenangebote"},"content":{"rendered":"<h1>Examinierte Fachkraft (m\/w)<\/h1>\n<p>Wir freuen uns sehr, dass Sie sich f\u00fcr einen Arbeitsplatz in unserem Intensivpflegedienst interessieren.<\/p>\n<p>Wir haben den passenden Job f\u00fcr Sie!<\/p>\n<p>&nbsp;<\/p>\n<p>Zur Verst\u00e4rkung unseres Teams suchen wir zum n\u00e4chstm\u00f6glichen Zeitpunkt eine examinierte Fachkraft (m\/w).<\/p>\n<p>Ihr Profil:<\/p>\n<ul>\n<li>abgeschlossene Berufsausbildung als Altenpfleger\/in, Gesundheits- und Krankenpfleger\/in oder Krankenschwester\/-pfleger<\/li>\n<li>Bereitschaft f\u00fcr Schichtdienst (8 oder 12 Stunden), Wochenend- und Feiertagsarbeit<\/li>\n<li>Berufserfahrung in der Intensivpflege von Beatmungspatienten, Fachkraft f\u00fcr au\u00dferklinische Beatmung oder Atemtherapeut von Vorteil<\/li>\n<li>hohe soziale Kompetenz, sowie Empathie und Freude am Umgang mit Menschen<\/li>\n<li>Zuverl\u00e4ssig und Teamf\u00e4hig<\/li>\n<\/ul>\n<p>Wir bieten:<\/p>\n<ul>\n<li>Verantwortungsvolle T\u00e4tigkeiten in einem freundlichen Team<\/li>\n<li>Sichere und unbefristete Arbeitsvertr\u00e4ge<\/li>\n<li>Umfangreiche Fort- und Weiterbildungsm\u00f6glichkeiten<\/li>\n<li>Betriebliche Altersvorsorge und Sozialleistungen<\/li>\n<li>Langfristige Zusammenarbeit<\/li>\n<li>Sonntags-, Feiertags- und Nachtzuschl\u00e4ge<\/li>\n<\/ul>\n<p>Wenn Sie gerne selbstst\u00e4ndig in einem motivierten Team mit angenehmer Arbeitsatmosph\u00e4re und hoher Flexibilit\u00e4t und Gestaltungsm\u00f6glichkeiten arbeiten m\u00f6chten, ist das genau die richtige Stelle f\u00fcr Sie!<\/p>\n<p>F\u00fcr R\u00fcckfragen steht Ihnen Frau Krieglstein unter der Telefonnummer <a href=\"tel:03394-4008700\">03394 \/ 400 870-0<\/a> gerne zur Verf\u00fcgung.<\/p>\n<p>Pritzwalker Stra\u00dfe 10a<br \/>\n16909 Wittstock<\/p>\n<p><div class=\"ctsc-list ctsc-list-square \" id=\"ipw-list\"><span class=\"ctsc-list-icon icon-phone\" style=\" background:gray; color:white;\"><\/span><a href=\"tel:03394-4008700\">03394 \/ 400 870-0<\/a><\/div><div class=\"ctsc-list ctsc-list-square \" id=\"ipw-list\"><span class=\"ctsc-list-icon icon-envelope\" style=\" background:gray; color:white;\"><\/span><a href=\"mailto:krieglstein@intensivpflege-wittstock.de\">bewerbung@intensivpflege-wittstock.de<\/a><\/div><\/p>\n<p>Postalisch eingesendete Unterlagen werden nicht zur\u00fcckgeschickt, sondern datenschutzgerecht von uns entsorgt.<\/p>\n","protected":false},"excerpt":{"rendered":"<p>Examinierte Fachkraft (m\/w) Wir freuen uns sehr, dass Sie sich f\u00fcr einen Arbeitsplatz in unserem Intensivpflegedienst interessieren. Wir haben den passenden Job f\u00fcr Sie! &nbsp; Zur Verst\u00e4rkung unseres Teams suchen wir zum n\u00e4chstm\u00f6glichen Zeitpunkt eine examinierte Fachkraft (m\/w). Ihr Profil: abgeschlossene Berufsausbildung als Altenpfleger\/in, Gesundheits- und Krankenpfleger\/in oder Krankenschwester\/-pfleger Bereitschaft f\u00fcr Schichtdienst (8 oder 12 Stunden), Wochenend- und Feiertagsarbeit Berufserfahrung in der Intensivpflege von Beatmungspatienten, Fachkraft f\u00fcr au\u00dferklinische Beatmung oder Atemtherapeut von Vorteil hohe soziale Kompetenz, sowie Empathie und Freude&hellip;<\/p>\n","protected":false},"author":2,"featured_media":0,"parent":0,"menu_order":0,"comment_status":"closed","ping_status":"closed","template":"","meta":[],"yoast_head":"<!-- This site is optimized with the Yoast SEO plugin v17.1 - https:\/\/yoast.com\/wordpress\/plugins\/seo\/ -->\n<title>Stellenangebote - ipw Intensivpflege Wittstock GmbH<\/title>\n<meta name=\"robots\" content=\"index, follow, max-snippet:-1, max-image-preview:large, max-video-preview:-1\" \/>\n<link rel=\"canonical\" href=\"http:\/\/intensivpflege-wittstock.de\/index.php\/jobs\/\" \/>\n<meta property=\"og:locale\" content=\"de_DE\" \/>\n<meta property=\"og:type\" content=\"article\" \/>\n<meta property=\"og:title\" content=\"Stellenangebote - ipw Intensivpflege Wittstock GmbH\" \/>\n<meta property=\"og:description\" content=\"Examinierte Fachkraft (m\/w) Wir freuen uns sehr, dass Sie sich f\u00fcr einen Arbeitsplatz in unserem Intensivpflegedienst interessieren. Wir haben den passenden Job f\u00fcr Sie! &nbsp; Zur Verst\u00e4rkung unseres Teams suchen wir zum n\u00e4chstm\u00f6glichen Zeitpunkt eine examinierte Fachkraft (m\/w). Ihr Profil: abgeschlossene Berufsausbildung als Altenpfleger\/in, Gesundheits- und Krankenpfleger\/in oder Krankenschwester\/-pfleger Bereitschaft f\u00fcr Schichtdienst (8 oder 12 Stunden), Wochenend- und Feiertagsarbeit Berufserfahrung in der Intensivpflege von Beatmungspatienten, Fachkraft f\u00fcr au\u00dferklinische Beatmung oder Atemtherapeut von Vorteil hohe soziale Kompetenz, sowie Empathie und Freude&hellip;\" \/>\n<meta property=\"og:url\" content=\"http:\/\/intensivpflege-wittstock.de\/index.php\/jobs\/\" \/>\n<meta property=\"og:site_name\" content=\"ipw Intensivpflege Wittstock GmbH\" \/>\n<meta property=\"article:modified_time\" content=\"2019-03-27T11:53:39+00:00\" \/>\n<meta name=\"twitter:card\" content=\"summary\" \/>\n<meta name=\"twitter:label1\" content=\"Gesch\u00e4tzte Lesezeit\" \/>\n\t<meta name=\"twitter:data1\" content=\"1\u00a0Minute\" \/>\n<script type=\"application\/ld+json\" class=\"yoast-schema-graph\">{\"@context\":\"https:\/\/schema.org\",\"@graph\":[{\"@type\":\"WebSite\",\"@id\":\"http:\/\/intensivpflege-wittstock.de\/#website\",\"url\":\"http:\/\/intensivpflege-wittstock.de\/\",\"name\":\"ipw Intensivpflege Wittstock GmbH\",\"description\":\"Ihr Fachpflegeteam f\\u00fcr 24 Stunden.\",\"potentialAction\":[{\"@type\":\"SearchAction\",\"target\":{\"@type\":\"EntryPoint\",\"urlTemplate\":\"http:\/\/intensivpflege-wittstock.de\/?s={search_term_string}\"},\"query-input\":\"required name=search_term_string\"}],\"inLanguage\":\"de\"},{\"@type\":\"WebPage\",\"@id\":\"http:\/\/intensivpflege-wittstock.de\/index.php\/jobs\/#webpage\",\"url\":\"http:\/\/intensivpflege-wittstock.de\/index.php\/jobs\/\",\"name\":\"Stellenangebote - ipw Intensivpflege Wittstock GmbH\",\"isPartOf\":{\"@id\":\"http:\/\/intensivpflege-wittstock.de\/#website\"},\"datePublished\":\"2019-01-09T13:17:53+00:00\",\"dateModified\":\"2019-03-27T11:53:39+00:00\",\"breadcrumb\":{\"@id\":\"http:\/\/intensivpflege-wittstock.de\/index.php\/jobs\/#breadcrumb\"},\"inLanguage\":\"de\",\"potentialAction\":[{\"@type\":\"ReadAction\",\"target\":[\"http:\/\/intensivpflege-wittstock.de\/index.php\/jobs\/\"]}]},{\"@type\":\"BreadcrumbList\",\"@id\":\"http:\/\/intensivpflege-wittstock.de\/index.php\/jobs\/#breadcrumb\",\"itemListElement\":[{\"@type\":\"ListItem\",\"position\":1,\"name\":\"Home\",\"item\":\"http:\/\/intensivpflege-wittstock.de\/\"},{\"@type\":\"ListItem\",\"position\":2,\"name\":\"Stellenangebote\"}]}]}<\/script>\n<!-- \/ Yoast SEO plugin. -->","yoast_head_json":{"title":"Stellenangebote - ipw Intensivpflege Wittstock GmbH","robots":{"index":"index","follow":"follow","max-snippet":"max-snippet:-1","max-image-preview":"max-image-preview:large","max-video-preview":"max-video-preview:-1"},"canonical":"http:\/\/intensivpflege-wittstock.de\/index.php\/jobs\/","og_locale":"de_DE","og_type":"article","og_title":"Stellenangebote - ipw Intensivpflege Wittstock GmbH","og_description":"Examinierte Fachkraft (m\/w) Wir freuen uns sehr, dass Sie sich f\u00fcr einen Arbeitsplatz in unserem Intensivpflegedienst interessieren. Wir haben den passenden Job f\u00fcr Sie! &nbsp; Zur Verst\u00e4rkung unseres Teams suchen wir zum n\u00e4chstm\u00f6glichen Zeitpunkt eine examinierte Fachkraft (m\/w). Ihr Profil: abgeschlossene Berufsausbildung als Altenpfleger\/in, Gesundheits- und Krankenpfleger\/in oder Krankenschwester\/-pfleger Bereitschaft f\u00fcr Schichtdienst (8 oder 12 Stunden), Wochenend- und Feiertagsarbeit Berufserfahrung in der Intensivpflege von Beatmungspatienten, Fachkraft f\u00fcr au\u00dferklinische Beatmung oder Atemtherapeut von Vorteil hohe soziale Kompetenz, sowie Empathie und Freude&hellip;","og_url":"http:\/\/intensivpflege-wittstock.de\/index.php\/jobs\/","og_site_name":"ipw Intensivpflege Wittstock GmbH","article_modified_time":"2019-03-27T11:53:39+00:00","twitter_card":"summary","twitter_misc":{"Gesch\u00e4tzte Lesezeit":"1\u00a0Minute"},"schema":{"@context":"https:\/\/schema.org","@graph":[{"@type":"WebSite","@id":"http:\/\/intensivpflege-wittstock.de\/#website","url":"http:\/\/intensivpflege-wittstock.de\/","name":"ipw Intensivpflege Wittstock GmbH","description":"Ihr Fachpflegeteam f\u00fcr 24 Stunden.","potentialAction":[{"@type":"SearchAction","target":{"@type":"EntryPoint","urlTemplate":"http:\/\/intensivpflege-wittstock.de\/?s={search_term_string}"},"query-input":"required name=search_term_string"}],"inLanguage":"de"},{"@type":"WebPage","@id":"http:\/\/intensivpflege-wittstock.de\/index.php\/jobs\/#webpage","url":"http:\/\/intensivpflege-wittstock.de\/index.php\/jobs\/","name":"Stellenangebote - ipw Intensivpflege Wittstock GmbH","isPartOf":{"@id":"http:\/\/intensivpflege-wittstock.de\/#website"},"datePublished":"2019-01-09T13:17:53+00:00","dateModified":"2019-03-27T11:53:39+00:00","breadcrumb":{"@id":"http:\/\/intensivpflege-wittstock.de\/index.php\/jobs\/#breadcrumb"},"inLanguage":"de","potentialAction":[{"@type":"ReadAction","target":["http:\/\/intensivpflege-wittstock.de\/index.php\/jobs\/"]}]},{"@type":"BreadcrumbList","@id":"http:\/\/intensivpflege-wittstock.de\/index.php\/jobs\/#breadcrumb","itemListElement":[{"@type":"ListItem","position":1,"name":"Home","item":"http:\/\/intensivpflege-wittstock.de\/"},{"@type":"ListItem","position":2,"name":"Stellenangebote"}]}]}},"_links":{"self":[{"href":"http:\/\/intensivpflege-wittstock.de\/index.php\/wp-json\/wp\/v2\/pages\/99"}],"collection":[{"href":"http:\/\/intensivpflege-wittstock.de\/index.php\/wp-json\/wp\/v2\/pages"}],"about":[{"href":"http:\/\/intensivpflege-wittstock.de\/index.php\/wp-json\/wp\/v2\/types\/page"}],"author":[{"embeddable":true,"href":"http:\/\/intensivpflege-wittstock.de\/index.php\/wp-json\/wp\/v2\/users\/2"}],"replies":[{"embeddable":true,"href":"http:\/\/intensivpflege-wittstock.de\/index.php\/wp-json\/wp\/v2\/comments?post=99"}],"version-history":[{"count":14,"href":"http:\/\/intensivpflege-wittstock.de\/index.php\/wp-json\/wp\/v2\/pages\/99\/revisions"}],"predecessor-version":[{"id":116,"href":"http:\/\/intensivpflege-wittstock.de\/index.php\/wp-json\/wp\/v2\/pages\/99\/revisions\/116"}],"wp:attachment":[{"href":"http:\/\/intensivpflege-wittstock.de\/index.php\/wp-json\/wp\/v2\/media?parent=99"}],"curies":[{"name":"wp","href":"https:\/\/api.w.org\/{rel}","templated":true}]}}